{"id":9433,"date":"2025-01-22T13:44:32","date_gmt":"2025-01-22T13:44:32","guid":{"rendered":"https:\/\/b36oyymf.myrdbx.io\/?page_id=9433"},"modified":"2025-01-22T13:50:42","modified_gmt":"2025-01-22T13:50:42","slug":"agb-erlebnisse","status":"publish","type":"page","link":"https:\/\/alt.linden-gut.eu\/de\/agb-erlebnisse\/","title":{"rendered":"AGB &#8211; Erlebnisse"},"content":{"rendered":"\t\t<div data-elementor-type=\"wp-page\" data-elementor-id=\"9433\" class=\"elementor elementor-9433\" data-elementor-post-type=\"page\">\n\t\t\t\t\t\t<section class=\"elementor-section elementor-top-section elementor-element elementor-element-67c59d3 elementor-section-boxed elementor-section-height-default elementor-section-height-default\" data-id=\"67c59d3\" data-element_type=\"section\" data-e-type=\"section\">\n\t\t\t\t\t\t<div class=\"elementor-container elementor-column-gap-default\">\n\t\t\t\t\t<div class=\"elementor-column elementor-col-100 elementor-top-column elementor-element elementor-element-6deaaad\" data-id=\"6deaaad\" data-element_type=\"column\" data-e-type=\"column\">\n\t\t\t<div class=\"elementor-widget-wrap elementor-element-populated\">\n\t\t\t\t\t\t<div class=\"elementor-element elementor-element-a901131 elementor-widget elementor-widget-spacer\" data-id=\"a901131\" data-element_type=\"widget\" data-e-type=\"widget\" data-widget_type=\"spacer.default\">\n\t\t\t\t<div class=\"elementor-widget-container\">\n\t\t\t\t\t\t\t<div class=\"elementor-spacer\">\n\t\t\t<div class=\"elementor-spacer-inner\"><\/div>\n\t\t<\/div>\n\t\t\t\t\t\t<\/div>\n\t\t\t\t<\/div>\n\t\t\t\t<div class=\"elementor-element elementor-element-34e6c67 elementor-widget elementor-widget-heading\" data-id=\"34e6c67\" data-element_type=\"widget\" data-e-type=\"widget\" data-widget_type=\"heading.default\">\n\t\t\t\t<div class=\"elementor-widget-container\">\n\t\t\t\t\t<h1 class=\"elementor-heading-title elementor-size-default\"><h1 data-elementor-setting-key=\"title\" data-pen-placeholder=\"Eingabe hier...\" style=\"--brlbs-tw-border-spacing-x: 0;--brlbs-tw-border-spacing-y: 0;--brlbs-tw-translate-x: 0;--brlbs-tw-translate-y: 0;--brlbs-tw-rotate: 0;--brlbs-tw-skew-x: 0;--brlbs-tw-skew-y: 0;--brlbs-tw-scale-x: 1;--brlbs-tw-scale-y: 1;--brlbs-tw-pan-x:;--brlbs-tw-pan-y:;--brlbs-tw-pinch-zoom:;--brlbs-tw-scroll-snap-strictness: proximity;--brlbs-tw-gradient-from-position:;--brlbs-tw-gradient-via-position:;--brlbs-tw-gradient-to-position:;--brlbs-tw-ordinal:;--brlbs-tw-slashed-zero:;--brlbs-tw-numeric-figure:;--brlbs-tw-numeric-spacing:;--brlbs-tw-numeric-fraction:;--brlbs-tw-ring-inset:;--brlbs-tw-ring-offset-width: 0px;--brlbs-tw-ring-offset-color: #fff;--brlbs-tw-ring-offset-shadow: 0 0 #0000;--brlbs-tw-ring-shadow: 0 0 #0000;--brlbs-tw-shadow: 0 0 #0000;--brlbs-tw-shadow-colored: 0 0 #0000;--brlbs-tw-blur:;--brlbs-tw-brightness:;--brlbs-tw-contrast:;--brlbs-tw-grayscale:;--brlbs-tw-hue-rotate:;--brlbs-tw-invert:;--brlbs-tw-saturate:;--brlbs-tw-sepia:;--brlbs-tw-drop-shadow:;--brlbs-tw-backdrop-blur:;--brlbs-tw-backdrop-brightness:;--brlbs-tw-backdrop-contrast:;--brlbs-tw-backdrop-grayscale:;--brlbs-tw-backdrop-hue-rotate:;--brlbs-tw-backdrop-invert:;--brlbs-tw-backdrop-opacity:;--brlbs-tw-backdrop-saturate:;--brlbs-tw-backdrop-sepia:;--brlbs-tw-contain-size:;--brlbs-tw-contain-layout:;--brlbs-tw-contain-paint:;--brlbs-tw-contain-style:;font-style: normal;font-weight: 600;font-family: Montez, sans-serif\">Allgemeine Gesch\u00e4ftsbedingungen f\u00fcr unsere Erlebnisse und Gutscheine<span style=\"color: var( --e-global-color-primary );font-family: var( --e-global-typography-primary-font-family ), Sans-serif;font-style: inherit;font-weight: var( --e-global-typography-primary-font-weight )\"><\/span><\/h1><\/h1>\t\t\t\t<\/div>\n\t\t\t\t<\/div>\n\t\t\t\t\t<\/div>\n\t\t<\/div>\n\t\t\t\t\t<\/div>\n\t\t<\/section>\n\t\t\t\t<section class=\"elementor-section elementor-top-section elementor-element elementor-element-72410ac elementor-section-boxed elementor-section-height-default elementor-section-height-default\" data-id=\"72410ac\" data-element_type=\"section\" data-e-type=\"section\">\n\t\t\t\t\t\t<div class=\"elementor-container elementor-column-gap-default\">\n\t\t\t\t\t<div class=\"elementor-column elementor-col-100 elementor-top-column elementor-element elementor-element-fe96765\" data-id=\"fe96765\" data-element_type=\"column\" data-e-type=\"column\">\n\t\t\t<div class=\"elementor-widget-wrap elementor-element-populated\">\n\t\t\t\t\t\t<div class=\"elementor-element elementor-element-f6e88a3 elementor-widget elementor-widget-text-editor\" data-id=\"f6e88a3\" data-element_type=\"widget\" data-e-type=\"widget\" data-widget_type=\"text-editor.default\">\n\t\t\t\t<div class=\"elementor-widget-container\">\n\t\t\t\t\t\t\t\t\t<p>F\u00fcr unserer Erlebnisse und Gutscheine nutzen wir den Veranstaltungskalender von OBS. Die zugeh\u00f6rigen AGBs finden Sie <a href=\"https:\/\/alt.linden-gut.eu\/wp-content\/uploads\/2025\/01\/AGBsEventsOBS.pdf\" target=\"_blank\" rel=\"noopener\">hier<\/a>.<\/p>\t\t\t\t\t\t\t\t<\/div>\n\t\t\t\t<\/div>\n\t\t\t\t\t<\/div>\n\t\t<\/div>\n\t\t\t\t\t<\/div>\n\t\t<\/section>\n\t\t\t\t<\/div>\n\t\t","protected":false},"excerpt":{"rendered":"<p>Allgemeine Gesch\u00e4ftsbedingungen f\u00fcr unsere Erlebnisse und Gutscheine F\u00fcr unserer Erlebnisse und Gutscheine nutzen wir den Veranstaltungskalender von OBS. Die zugeh\u00f6rigen AGBs finden Sie hier.<\/p>\n","protected":false},"author":1,"featured_media":0,"parent":0,"menu_order":0,"comment_status":"closed","ping_status":"closed","template":"","meta":{"site-sidebar-layout":"no-sidebar","site-content-layout":"page-builder","ast-site-content-layout":"full-width-container","site-content-style":"unboxed","site-sidebar-style":"unboxed","ast-global-header-display":"","ast-banner-title-visibility":"","ast-main-header-display":"","ast-hfb-above-header-display":"","ast-hfb-below-header-display":"","ast-hfb-mobile-header-display":"","site-post-title":"disabled","ast-breadcrumbs-content":"","ast-featured-img":"disabled","footer-sml-layout":"","ast-disable-related-posts":"","theme-transparent-header-meta":"default","adv-header-id-meta":"","stick-header-meta":"default","header-above-stick-meta":"","header-main-stick-meta":"","header-below-stick-meta":"","astra-migrate-meta-layouts":"set","ast-page-background-enabled":"default","ast-page-background-meta":{"desktop":{"background-color":"","background-image":"","background-repeat":"repeat","background-position":"center center","background-size":"auto","background-attachment":"scroll","background-type":"","background-media":"","overlay-type":"","overlay-color":"","overlay-opacity":"","overlay-gradient":""},"tablet":{"background-color":"","background-image":"","background-repeat":"repeat","background-position":"center center","background-size":"auto","background-attachment":"scroll","background-type":"","background-media":"","overlay-type":"","overlay-color":"","overlay-opacity":"","overlay-gradient":""},"mobile":{"background-color":"","background-image":"","background-repeat":"repeat","background-position":"center center","background-size":"auto","background-attachment":"scroll","background-type":"","background-media":"","overlay-type":"","overlay-color":"","overlay-opacity":"","overlay-gradient":""}},"ast-content-background-meta":{"desktop":{"background-color":"var(--ast-global-color-5)","background-image":"","background-repeat":"repeat","background-position":"center center","background-size":"auto","background-attachment":"scroll","background-type":"","background-media":"","overlay-type":"","overlay-color":"","overlay-opacity":"","overlay-gradient":""},"tablet":{"background-color":"var(--ast-global-color-5)","background-image":"","background-repeat":"repeat","background-position":"center center","background-size":"auto","background-attachment":"scroll","background-type":"","background-media":"","overlay-type":"","overlay-color":"","overlay-opacity":"","overlay-gradient":""},"mobile":{"background-color":"var(--ast-global-color-5)","background-image":"","background-repeat":"repeat","background-position":"center center","background-size":"auto","background-attachment":"scroll","background-type":"","background-media":"","overlay-type":"","overlay-color":"","overlay-opacity":"","overlay-gradient":""}},"footnotes":""},"class_list":["post-9433","page","type-page","status-publish","hentry"],"yoast_head":"<!-- This site is optimized with the Yoast SEO plugin v27.6 - https:\/\/yoast.com\/product\/yoast-seo-wordpress\/ -->\n<title>AGB | Allgemeine Gesch\u00e4ftsbedingungen | LindenGut<\/title>\n<meta name=\"description\" content=\"Hier finden Sie unsere allgemeinen Gesch\u00e4ftsbedingungen \u27a8 Jetzt mehr erfahren!\" \/>\n<meta name=\"robots\" content=\"noindex, follow, max-snippet:-1, max-image-preview:large, max-video-preview:-1\" \/>\n<meta property=\"og:locale\" content=\"de_DE\" \/>\n<meta property=\"og:type\" content=\"article\" \/>\n<meta property=\"og:title\" content=\"AGB | Allgemeine Gesch\u00e4ftsbedingungen | LindenGut\" \/>\n<meta property=\"og:description\" content=\"Hier finden Sie unsere allgemeinen Gesch\u00e4ftsbedingungen \u27a8 Jetzt mehr erfahren!\" \/>\n<meta property=\"og:url\" content=\"https:\/\/alt.linden-gut.eu\/de\/agb-erlebnisse\/\" \/>\n<meta property=\"article:publisher\" content=\"https:\/\/www.facebook.com\/LindenGutDipperz\" \/>\n<meta property=\"article:modified_time\" content=\"2025-01-22T13:50:42+00:00\" \/>\n<meta property=\"og:image\" content=\"https:\/\/alt.linden-gut.eu\/wp-content\/uploads\/2021\/04\/Biohotel-Lindengut-Logo.png\" \/>\n\t<meta property=\"og:image:width\" content=\"1024\" \/>\n\t<meta property=\"og:image:height\" content=\"512\" \/>\n\t<meta property=\"og:image:type\" content=\"image\/png\" \/>\n<meta name=\"twitter:card\" content=\"summary_large_image\" \/>\n<meta name=\"twitter:label1\" content=\"Gesch\u00e4tzte Lesezeit\" \/>\n\t<meta name=\"twitter:data1\" content=\"1\u00a0Minute\" \/>\n<script type=\"application\/ld+json\" class=\"yoast-schema-graph\">{\"@context\":\"https:\\\/\\\/schema.org\",\"@graph\":[{\"@type\":\"WebPage\",\"@id\":\"https:\\\/\\\/alt.linden-gut.eu\\\/de\\\/agb-erlebnisse\\\/\",\"url\":\"https:\\\/\\\/alt.linden-gut.eu\\\/de\\\/agb-erlebnisse\\\/\",\"name\":\"AGB | Allgemeine Gesch\u00e4ftsbedingungen | LindenGut\",\"isPartOf\":{\"@id\":\"https:\\\/\\\/alt.linden-gut.eu\\\/de\\\/#website\"},\"datePublished\":\"2025-01-22T13:44:32+00:00\",\"dateModified\":\"2025-01-22T13:50:42+00:00\",\"description\":\"Hier finden Sie unsere allgemeinen Gesch\u00e4ftsbedingungen \u27a8 Jetzt mehr erfahren!\",\"breadcrumb\":{\"@id\":\"https:\\\/\\\/alt.linden-gut.eu\\\/de\\\/agb-erlebnisse\\\/#breadcrumb\"},\"inLanguage\":\"de\",\"potentialAction\":[{\"@type\":\"ReadAction\",\"target\":[\"https:\\\/\\\/alt.linden-gut.eu\\\/de\\\/agb-erlebnisse\\\/\"]}]},{\"@type\":\"BreadcrumbList\",\"@id\":\"https:\\\/\\\/alt.linden-gut.eu\\\/de\\\/agb-erlebnisse\\\/#breadcrumb\",\"itemListElement\":[{\"@type\":\"ListItem\",\"position\":1,\"name\":\"Startseite\",\"item\":\"https:\\\/\\\/linden-gut.eu\\\/de\\\/\"},{\"@type\":\"ListItem\",\"position\":2,\"name\":\"AGB &#8211; Erlebnisse\"}]},{\"@type\":\"WebSite\",\"@id\":\"https:\\\/\\\/alt.linden-gut.eu\\\/de\\\/#website\",\"url\":\"https:\\\/\\\/alt.linden-gut.eu\\\/de\\\/\",\"name\":\"LindenGut\",\"description\":\"Nachhaltiger Genuss und Komfort \u2013 Bio-Qualit\u00e4t in Hotel, Herberge, Hofladen und mehr.\",\"publisher\":{\"@id\":\"https:\\\/\\\/alt.linden-gut.eu\\\/de\\\/#organization\"},\"potentialAction\":[{\"@type\":\"SearchAction\",\"target\":{\"@type\":\"EntryPoint\",\"urlTemplate\":\"https:\\\/\\\/alt.linden-gut.eu\\\/de\\\/?s={search_term_string}\"},\"query-input\":{\"@type\":\"PropertyValueSpecification\",\"valueRequired\":true,\"valueName\":\"search_term_string\"}}],\"inLanguage\":\"de\"},{\"@type\":\"Organization\",\"@id\":\"https:\\\/\\\/alt.linden-gut.eu\\\/de\\\/#organization\",\"name\":\"LindenGut GmbH & Co. KG\",\"url\":\"https:\\\/\\\/alt.linden-gut.eu\\\/de\\\/\",\"logo\":{\"@type\":\"ImageObject\",\"inLanguage\":\"de\",\"@id\":\"https:\\\/\\\/alt.linden-gut.eu\\\/de\\\/#\\\/schema\\\/logo\\\/image\\\/\",\"url\":\"https:\\\/\\\/linden-gut.eu\\\/wp-content\\\/uploads\\\/2021\\\/04\\\/Biohotel-Lindengut-Favicon.png\",\"contentUrl\":\"https:\\\/\\\/linden-gut.eu\\\/wp-content\\\/uploads\\\/2021\\\/04\\\/Biohotel-Lindengut-Favicon.png\",\"width\":712,\"height\":712,\"caption\":\"LindenGut GmbH & Co. KG\"},\"image\":{\"@id\":\"https:\\\/\\\/alt.linden-gut.eu\\\/de\\\/#\\\/schema\\\/logo\\\/image\\\/\"},\"sameAs\":[\"https:\\\/\\\/www.facebook.com\\\/LindenGutDipperz\",\"https:\\\/\\\/www.instagram.com\\\/lindengut_biohotel\\\/\",\"http:\\\/\\\/www.youtube.com\\\/@lindengutwegweiser2448\"]}]}<\/script>\n<!-- \/ Yoast SEO plugin. -->","yoast_head_json":{"title":"AGB | Allgemeine Gesch\u00e4ftsbedingungen | LindenGut","description":"Hier finden Sie unsere allgemeinen Gesch\u00e4ftsbedingungen \u27a8 Jetzt mehr erfahren!","robots":{"index":"noindex","follow":"follow","max-snippet":"max-snippet:-1","max-image-preview":"max-image-preview:large","max-video-preview":"max-video-preview:-1"},"og_locale":"de_DE","og_type":"article","og_title":"AGB | Allgemeine Gesch\u00e4ftsbedingungen | LindenGut","og_description":"Hier finden Sie unsere allgemeinen Gesch\u00e4ftsbedingungen \u27a8 Jetzt mehr erfahren!","og_url":"https:\/\/alt.linden-gut.eu\/de\/agb-erlebnisse\/","article_publisher":"https:\/\/www.facebook.com\/LindenGutDipperz","article_modified_time":"2025-01-22T13:50:42+00:00","og_image":[{"width":1024,"height":512,"url":"https:\/\/alt.linden-gut.eu\/wp-content\/uploads\/2021\/04\/Biohotel-Lindengut-Logo.png","type":"image\/png"}],"twitter_card":"summary_large_image","twitter_misc":{"Gesch\u00e4tzte Lesezeit":"1\u00a0Minute"},"schema":{"@context":"https:\/\/schema.org","@graph":[{"@type":"WebPage","@id":"https:\/\/alt.linden-gut.eu\/de\/agb-erlebnisse\/","url":"https:\/\/alt.linden-gut.eu\/de\/agb-erlebnisse\/","name":"AGB | Allgemeine Gesch\u00e4ftsbedingungen | LindenGut","isPartOf":{"@id":"https:\/\/alt.linden-gut.eu\/de\/#website"},"datePublished":"2025-01-22T13:44:32+00:00","dateModified":"2025-01-22T13:50:42+00:00","description":"Hier finden Sie unsere allgemeinen Gesch\u00e4ftsbedingungen \u27a8 Jetzt mehr erfahren!","breadcrumb":{"@id":"https:\/\/alt.linden-gut.eu\/de\/agb-erlebnisse\/#breadcrumb"},"inLanguage":"de","potentialAction":[{"@type":"ReadAction","target":["https:\/\/alt.linden-gut.eu\/de\/agb-erlebnisse\/"]}]},{"@type":"BreadcrumbList","@id":"https:\/\/alt.linden-gut.eu\/de\/agb-erlebnisse\/#breadcrumb","itemListElement":[{"@type":"ListItem","position":1,"name":"Startseite","item":"https:\/\/linden-gut.eu\/de\/"},{"@type":"ListItem","position":2,"name":"AGB &#8211; Erlebnisse"}]},{"@type":"WebSite","@id":"https:\/\/alt.linden-gut.eu\/de\/#website","url":"https:\/\/alt.linden-gut.eu\/de\/","name":"LindenGut","description":"Nachhaltiger Genuss und Komfort \u2013 Bio-Qualit\u00e4t in Hotel, Herberge, Hofladen und mehr.","publisher":{"@id":"https:\/\/alt.linden-gut.eu\/de\/#organization"},"potentialAction":[{"@type":"SearchAction","target":{"@type":"EntryPoint","urlTemplate":"https:\/\/alt.linden-gut.eu\/de\/?s={search_term_string}"},"query-input":{"@type":"PropertyValueSpecification","valueRequired":true,"valueName":"search_term_string"}}],"inLanguage":"de"},{"@type":"Organization","@id":"https:\/\/alt.linden-gut.eu\/de\/#organization","name":"LindenGut GmbH & Co. KG","url":"https:\/\/alt.linden-gut.eu\/de\/","logo":{"@type":"ImageObject","inLanguage":"de","@id":"https:\/\/alt.linden-gut.eu\/de\/#\/schema\/logo\/image\/","url":"https:\/\/linden-gut.eu\/wp-content\/uploads\/2021\/04\/Biohotel-Lindengut-Favicon.png","contentUrl":"https:\/\/linden-gut.eu\/wp-content\/uploads\/2021\/04\/Biohotel-Lindengut-Favicon.png","width":712,"height":712,"caption":"LindenGut GmbH & Co. KG"},"image":{"@id":"https:\/\/alt.linden-gut.eu\/de\/#\/schema\/logo\/image\/"},"sameAs":["https:\/\/www.facebook.com\/LindenGutDipperz","https:\/\/www.instagram.com\/lindengut_biohotel\/","http:\/\/www.youtube.com\/@lindengutwegweiser2448"]}]}},"_links":{"self":[{"href":"https:\/\/alt.linden-gut.eu\/de\/wp-json\/wp\/v2\/pages\/9433","targetHints":{"allow":["GET"]}}],"collection":[{"href":"https:\/\/alt.linden-gut.eu\/de\/wp-json\/wp\/v2\/pages"}],"about":[{"href":"https:\/\/alt.linden-gut.eu\/de\/wp-json\/wp\/v2\/types\/page"}],"author":[{"embeddable":true,"href":"https:\/\/alt.linden-gut.eu\/de\/wp-json\/wp\/v2\/users\/1"}],"replies":[{"embeddable":true,"href":"https:\/\/alt.linden-gut.eu\/de\/wp-json\/wp\/v2\/comments?post=9433"}],"version-history":[{"count":3,"href":"https:\/\/alt.linden-gut.eu\/de\/wp-json\/wp\/v2\/pages\/9433\/revisions"}],"predecessor-version":[{"id":9438,"href":"https:\/\/alt.linden-gut.eu\/de\/wp-json\/wp\/v2\/pages\/9433\/revisions\/9438"}],"wp:attachment":[{"href":"https:\/\/alt.linden-gut.eu\/de\/wp-json\/wp\/v2\/media?parent=9433"}],"curies":[{"name":"wp","href":"https:\/\/api.w.org\/{rel}","templated":true}]}}