{"id":6728,"date":"2023-08-01T08:37:40","date_gmt":"2023-08-01T08:37:40","guid":{"rendered":"https:\/\/b36oyymf.myrdbx.io\/?page_id=6728"},"modified":"2026-03-05T08:55:45","modified_gmt":"2026-03-05T08:55:45","slug":"bio-catering","status":"publish","type":"page","link":"https:\/\/alt.linden-gut.eu\/de\/bio-catering\/","title":{"rendered":"LindenGut Bio Catering"},"content":{"rendered":"\t\t<div data-elementor-type=\"wp-page\" data-elementor-id=\"6728\" class=\"elementor elementor-6728\" data-elementor-post-type=\"page\">\n\t\t\t\t\t\t<section class=\"elementor-section elementor-top-section elementor-element elementor-element-2c07f205 elementor-section-boxed elementor-section-height-default elementor-section-height-default\" data-id=\"2c07f205\" data-element_type=\"section\" data-e-type=\"section\">\n\t\t\t\t\t\t<div class=\"elementor-container elementor-column-gap-default\">\n\t\t\t\t\t<div class=\"elementor-column elementor-col-100 elementor-top-column elementor-element elementor-element-3e4b26a2\" data-id=\"3e4b26a2\" data-element_type=\"column\" data-e-type=\"column\">\n\t\t\t<div class=\"elementor-widget-wrap elementor-element-populated\">\n\t\t\t\t\t\t<div class=\"elementor-element elementor-element-23fafdac elementor-widget elementor-widget-text-editor\" data-id=\"23fafdac\" data-element_type=\"widget\" data-e-type=\"widget\" data-widget_type=\"text-editor.default\">\n\t\t\t\t<div class=\"elementor-widget-container\">\n\t\t\t\t\t\t\t\t\t<p>\u00dcber<strong> 25 Jahre Bio Catering-Erfahrung<\/strong><\/p>\n<p>Unser Bio Catering-Unternehmen steht f\u00fcr Professionalit\u00e4t, Kompetenz und guten Geschmack. 2001 gegr\u00fcndet als tegut&#8230;bankett wandelte es sich zu Bankett &#8211; Service | Genuss | Erlebnis hin zu bankett-sinnreich und seit August 2024 zum LindenGut Bio Catering.&nbsp;<\/p>\n<p><strong>Warum nun LindenGut Bio Catering?<\/strong><\/p>\n<p>Es kommt zusammen, was zusammen geh\u00f6rt. Seit gut 7 Jahren nutzen wir zu 80 % die selbst erzeugten Produkte der eigenen demeter Landwirtschaft des LindenGuts. Vom Acker, aus dem Stall bis zum Garten.<\/p>\n<p><span style=\"font-style: inherit; color: var( --e-global-color-text ); font-family: var( --e-global-typography-text-font-family ), Sans-serif;\"><strong>Seit Januar 2024<\/strong> sind wir vom Morgensternhaus in Fulda nun zum LindenGut mit der Hauptk\u00fcche gezogen. An Ostern 2024 hatten wir die ersten G\u00e4ste im neuen Gasthaus mit kleiner Speisenkarte, seit September bieten wir Freitag und Samstag Abend auch f\u00fcr Externe G\u00e4ste unsere Bio Vielfalt ausserhalb von Veranstaltungen an.<\/span><\/p>\n<p><span style=\"font-family: var( --e-global-typography-text-font-family ), Sans-serif;\"><span style=\"color: var( --e-global-color-text ); font-style: inherit;\"><strong>Und ab Dezember 2024<\/strong> verlassen wir den Standort Fulda g\u00e4nzlich und Kochen <\/span><\/span>ausschlie\u00dflich vom Standort Kohlgrund\/Dipperz unsere Bio K\u00f6stlichkeiten.<span style=\"font-family: var( --e-global-typography-text-font-family ), Sans-serif;\"><span style=\"color: var( --e-global-color-text ); font-style: inherit;\">&nbsp;<\/span><\/span><\/p>\n<p>Von hier aus steuern wir auch unsere Externen Veranstaltungen ab 100 bis 10.000 G\u00e4sten in ganz Deutschland.<\/p>\n<p>Gerne k\u00f6nnen Sie uns Ihre W\u00fcnsche und Anfragen ganz unkompliziert zukommen zu lassen.<\/p>\n<p><strong>Senden Sie uns gerne eine Email an:<\/strong><\/p>\n<p><strong><a href=\"mailto:catering@linden-gut.eu\">catering@linden-gut.eu<\/a><\/strong><\/p>\t\t\t\t\t\t\t\t<\/div>\n\t\t\t\t<\/div>\n\t\t\t\t\t<\/div>\n\t\t<\/div>\n\t\t\t\t\t<\/div>\n\t\t<\/section>\n\t\t\t\t<\/div>\n\t\t","protected":false},"excerpt":{"rendered":"<p>\u00dcber 25 Jahre Bio Catering-Erfahrung Unser Bio Catering-Unternehmen steht f\u00fcr Professionalit\u00e4t, Kompetenz und guten Geschmack. 2001 gegr\u00fcndet als tegut&#8230;bankett wandelte es sich zu Bankett &#8211; Service | Genuss | Erlebnis hin zu bankett-sinnreich und seit August 2024 zum LindenGut Bio Catering.&nbsp; Warum nun LindenGut Bio Catering? Es kommt zusammen, was zusammen geh\u00f6rt. Seit gut 7 [&hellip;]<\/p>\n","protected":false},"author":1,"featured_media":0,"parent":0,"menu_order":0,"comment_status":"closed","ping_status":"closed","template":"","meta":{"site-sidebar-layout":"no-sidebar","site-content-layout":"page-builder","ast-site-content-layout":"full-width-container","site-content-style":"unboxed","site-sidebar-style":"unboxed","ast-global-header-display":"","ast-banner-title-visibility":"","ast-main-header-display":"","ast-hfb-above-header-display":"","ast-hfb-below-header-display":"","ast-hfb-mobile-header-display":"","site-post-title":"disabled","ast-breadcrumbs-content":"","ast-featured-img":"disabled","footer-sml-layout":"","ast-disable-related-posts":"","theme-transparent-header-meta":"","adv-header-id-meta":"","stick-header-meta":"","header-above-stick-meta":"","header-main-stick-meta":"","header-below-stick-meta":"","astra-migrate-meta-layouts":"set","ast-page-background-enabled":"default","ast-page-background-meta":{"desktop":{"background-color":"","background-image":"","background-repeat":"repeat","background-position":"center center","background-size":"auto","background-attachment":"scroll","background-type":"","background-media":"","overlay-type":"","overlay-color":"","overlay-opacity":"","overlay-gradient":""},"tablet":{"background-color":"","background-image":"","background-repeat":"repeat","background-position":"center center","background-size":"auto","background-attachment":"scroll","background-type":"","background-media":"","overlay-type":"","overlay-color":"","overlay-opacity":"","overlay-gradient":""},"mobile":{"background-color":"","background-image":"","background-repeat":"repeat","background-position":"center center","background-size":"auto","background-attachment":"scroll","background-type":"","background-media":"","overlay-type":"","overlay-color":"","overlay-opacity":"","overlay-gradient":""}},"ast-content-background-meta":{"desktop":{"background-color":"var(--ast-global-color-5)","background-image":"","background-repeat":"repeat","background-position":"center center","background-size":"auto","background-attachment":"scroll","background-type":"","background-media":"","overlay-type":"","overlay-color":"","overlay-opacity":"","overlay-gradient":""},"tablet":{"background-color":"var(--ast-global-color-5)","background-image":"","background-repeat":"repeat","background-position":"center center","background-size":"auto","background-attachment":"scroll","background-type":"","background-media":"","overlay-type":"","overlay-color":"","overlay-opacity":"","overlay-gradient":""},"mobile":{"background-color":"var(--ast-global-color-5)","background-image":"","background-repeat":"repeat","background-position":"center center","background-size":"auto","background-attachment":"scroll","background-type":"","background-media":"","overlay-type":"","overlay-color":"","overlay-opacity":"","overlay-gradient":""}},"footnotes":""},"class_list":["post-6728","page","type-page","status-publish","hentry"],"yoast_head":"<!-- This site is optimized with the Yoast SEO plugin v27.6 - https:\/\/yoast.com\/product\/yoast-seo-wordpress\/ -->\n<title>Bio Catering in Fulda - hausgemacht im BIO HOTEL LindenGut<\/title>\n<meta name=\"description\" content=\"Vom Acker auf den Teller! Bestellen Sie ihr Bio-Catering im Bio-Hotel LindenGut! Hausgemacht, ansprechend und wohlschmecken! Jetzt anfragen!\" \/>\n<meta name=\"robots\" content=\"noindex, follow, max-snippet:-1, max-image-preview:large, max-video-preview:-1\" \/>\n<meta property=\"og:locale\" content=\"de_DE\" \/>\n<meta property=\"og:type\" content=\"article\" \/>\n<meta property=\"og:title\" content=\"Bio Catering in Fulda - hausgemacht im BIO HOTEL LindenGut\" \/>\n<meta property=\"og:description\" content=\"Vom Acker auf den Teller! Bestellen Sie ihr Bio-Catering im Bio-Hotel LindenGut! Hausgemacht, ansprechend und wohlschmecken! Jetzt anfragen!\" \/>\n<meta property=\"og:url\" content=\"https:\/\/alt.linden-gut.eu\/de\/bio-catering\/\" \/>\n<meta property=\"article:publisher\" content=\"https:\/\/www.facebook.com\/LindenGutDipperz\" \/>\n<meta property=\"article:modified_time\" content=\"2026-03-05T08:55:45+00:00\" \/>\n<meta property=\"og:image\" content=\"https:\/\/alt.linden-gut.eu\/wp-content\/uploads\/2021\/04\/Biohotel-Lindengut-Logo.png\" \/>\n\t<meta property=\"og:image:width\" content=\"1024\" \/>\n\t<meta property=\"og:image:height\" content=\"512\" \/>\n\t<meta property=\"og:image:type\" content=\"image\/png\" \/>\n<meta name=\"twitter:card\" content=\"summary_large_image\" \/>\n<meta name=\"twitter:label1\" content=\"Gesch\u00e4tzte Lesezeit\" \/>\n\t<meta name=\"twitter:data1\" content=\"2\u00a0Minuten\" \/>\n<script type=\"application\/ld+json\" class=\"yoast-schema-graph\">{\"@context\":\"https:\\\/\\\/schema.org\",\"@graph\":[{\"@type\":\"WebPage\",\"@id\":\"https:\\\/\\\/alt.linden-gut.eu\\\/de\\\/bio-catering\\\/\",\"url\":\"https:\\\/\\\/alt.linden-gut.eu\\\/de\\\/bio-catering\\\/\",\"name\":\"Bio Catering in Fulda - hausgemacht im BIO HOTEL LindenGut\",\"isPartOf\":{\"@id\":\"https:\\\/\\\/alt.linden-gut.eu\\\/de\\\/#website\"},\"datePublished\":\"2023-08-01T08:37:40+00:00\",\"dateModified\":\"2026-03-05T08:55:45+00:00\",\"description\":\"Vom Acker auf den Teller! Bestellen Sie ihr Bio-Catering im Bio-Hotel LindenGut! Hausgemacht, ansprechend und wohlschmecken! Jetzt anfragen!\",\"breadcrumb\":{\"@id\":\"https:\\\/\\\/alt.linden-gut.eu\\\/de\\\/bio-catering\\\/#breadcrumb\"},\"inLanguage\":\"de\",\"potentialAction\":[{\"@type\":\"ReadAction\",\"target\":[\"https:\\\/\\\/alt.linden-gut.eu\\\/de\\\/bio-catering\\\/\"]}]},{\"@type\":\"BreadcrumbList\",\"@id\":\"https:\\\/\\\/alt.linden-gut.eu\\\/de\\\/bio-catering\\\/#breadcrumb\",\"itemListElement\":[{\"@type\":\"ListItem\",\"position\":1,\"name\":\"Startseite\",\"item\":\"https:\\\/\\\/linden-gut.eu\\\/de\\\/\"},{\"@type\":\"ListItem\",\"position\":2,\"name\":\"LindenGut Bio Catering\"}]},{\"@type\":\"WebSite\",\"@id\":\"https:\\\/\\\/alt.linden-gut.eu\\\/de\\\/#website\",\"url\":\"https:\\\/\\\/alt.linden-gut.eu\\\/de\\\/\",\"name\":\"LindenGut\",\"description\":\"Nachhaltiger Genuss und Komfort \u2013 Bio-Qualit\u00e4t in Hotel, Herberge, Hofladen und mehr.\",\"publisher\":{\"@id\":\"https:\\\/\\\/alt.linden-gut.eu\\\/de\\\/#organization\"},\"potentialAction\":[{\"@type\":\"SearchAction\",\"target\":{\"@type\":\"EntryPoint\",\"urlTemplate\":\"https:\\\/\\\/alt.linden-gut.eu\\\/de\\\/?s={search_term_string}\"},\"query-input\":{\"@type\":\"PropertyValueSpecification\",\"valueRequired\":true,\"valueName\":\"search_term_string\"}}],\"inLanguage\":\"de\"},{\"@type\":\"Organization\",\"@id\":\"https:\\\/\\\/alt.linden-gut.eu\\\/de\\\/#organization\",\"name\":\"LindenGut GmbH & Co. KG\",\"url\":\"https:\\\/\\\/alt.linden-gut.eu\\\/de\\\/\",\"logo\":{\"@type\":\"ImageObject\",\"inLanguage\":\"de\",\"@id\":\"https:\\\/\\\/alt.linden-gut.eu\\\/de\\\/#\\\/schema\\\/logo\\\/image\\\/\",\"url\":\"https:\\\/\\\/linden-gut.eu\\\/wp-content\\\/uploads\\\/2021\\\/04\\\/Biohotel-Lindengut-Favicon.png\",\"contentUrl\":\"https:\\\/\\\/linden-gut.eu\\\/wp-content\\\/uploads\\\/2021\\\/04\\\/Biohotel-Lindengut-Favicon.png\",\"width\":712,\"height\":712,\"caption\":\"LindenGut GmbH & Co. KG\"},\"image\":{\"@id\":\"https:\\\/\\\/alt.linden-gut.eu\\\/de\\\/#\\\/schema\\\/logo\\\/image\\\/\"},\"sameAs\":[\"https:\\\/\\\/www.facebook.com\\\/LindenGutDipperz\",\"https:\\\/\\\/www.instagram.com\\\/lindengut_biohotel\\\/\",\"http:\\\/\\\/www.youtube.com\\\/@lindengutwegweiser2448\"]}]}<\/script>\n<!-- \/ Yoast SEO plugin. -->","yoast_head_json":{"title":"Bio Catering in Fulda - hausgemacht im BIO HOTEL LindenGut","description":"Vom Acker auf den Teller! Bestellen Sie ihr Bio-Catering im Bio-Hotel LindenGut! Hausgemacht, ansprechend und wohlschmecken! Jetzt anfragen!","robots":{"index":"noindex","follow":"follow","max-snippet":"max-snippet:-1","max-image-preview":"max-image-preview:large","max-video-preview":"max-video-preview:-1"},"og_locale":"de_DE","og_type":"article","og_title":"Bio Catering in Fulda - hausgemacht im BIO HOTEL LindenGut","og_description":"Vom Acker auf den Teller! Bestellen Sie ihr Bio-Catering im Bio-Hotel LindenGut! Hausgemacht, ansprechend und wohlschmecken! Jetzt anfragen!","og_url":"https:\/\/alt.linden-gut.eu\/de\/bio-catering\/","article_publisher":"https:\/\/www.facebook.com\/LindenGutDipperz","article_modified_time":"2026-03-05T08:55:45+00:00","og_image":[{"width":1024,"height":512,"url":"https:\/\/alt.linden-gut.eu\/wp-content\/uploads\/2021\/04\/Biohotel-Lindengut-Logo.png","type":"image\/png"}],"twitter_card":"summary_large_image","twitter_misc":{"Gesch\u00e4tzte Lesezeit":"2\u00a0Minuten"},"schema":{"@context":"https:\/\/schema.org","@graph":[{"@type":"WebPage","@id":"https:\/\/alt.linden-gut.eu\/de\/bio-catering\/","url":"https:\/\/alt.linden-gut.eu\/de\/bio-catering\/","name":"Bio Catering in Fulda - hausgemacht im BIO HOTEL LindenGut","isPartOf":{"@id":"https:\/\/alt.linden-gut.eu\/de\/#website"},"datePublished":"2023-08-01T08:37:40+00:00","dateModified":"2026-03-05T08:55:45+00:00","description":"Vom Acker auf den Teller! Bestellen Sie ihr Bio-Catering im Bio-Hotel LindenGut! Hausgemacht, ansprechend und wohlschmecken! Jetzt anfragen!","breadcrumb":{"@id":"https:\/\/alt.linden-gut.eu\/de\/bio-catering\/#breadcrumb"},"inLanguage":"de","potentialAction":[{"@type":"ReadAction","target":["https:\/\/alt.linden-gut.eu\/de\/bio-catering\/"]}]},{"@type":"BreadcrumbList","@id":"https:\/\/alt.linden-gut.eu\/de\/bio-catering\/#breadcrumb","itemListElement":[{"@type":"ListItem","position":1,"name":"Startseite","item":"https:\/\/linden-gut.eu\/de\/"},{"@type":"ListItem","position":2,"name":"LindenGut Bio Catering"}]},{"@type":"WebSite","@id":"https:\/\/alt.linden-gut.eu\/de\/#website","url":"https:\/\/alt.linden-gut.eu\/de\/","name":"LindenGut","description":"Nachhaltiger Genuss und Komfort \u2013 Bio-Qualit\u00e4t in Hotel, Herberge, Hofladen und mehr.","publisher":{"@id":"https:\/\/alt.linden-gut.eu\/de\/#organization"},"potentialAction":[{"@type":"SearchAction","target":{"@type":"EntryPoint","urlTemplate":"https:\/\/alt.linden-gut.eu\/de\/?s={search_term_string}"},"query-input":{"@type":"PropertyValueSpecification","valueRequired":true,"valueName":"search_term_string"}}],"inLanguage":"de"},{"@type":"Organization","@id":"https:\/\/alt.linden-gut.eu\/de\/#organization","name":"LindenGut GmbH & Co. KG","url":"https:\/\/alt.linden-gut.eu\/de\/","logo":{"@type":"ImageObject","inLanguage":"de","@id":"https:\/\/alt.linden-gut.eu\/de\/#\/schema\/logo\/image\/","url":"https:\/\/linden-gut.eu\/wp-content\/uploads\/2021\/04\/Biohotel-Lindengut-Favicon.png","contentUrl":"https:\/\/linden-gut.eu\/wp-content\/uploads\/2021\/04\/Biohotel-Lindengut-Favicon.png","width":712,"height":712,"caption":"LindenGut GmbH & Co. KG"},"image":{"@id":"https:\/\/alt.linden-gut.eu\/de\/#\/schema\/logo\/image\/"},"sameAs":["https:\/\/www.facebook.com\/LindenGutDipperz","https:\/\/www.instagram.com\/lindengut_biohotel\/","http:\/\/www.youtube.com\/@lindengutwegweiser2448"]}]}},"_links":{"self":[{"href":"https:\/\/alt.linden-gut.eu\/de\/wp-json\/wp\/v2\/pages\/6728","targetHints":{"allow":["GET"]}}],"collection":[{"href":"https:\/\/alt.linden-gut.eu\/de\/wp-json\/wp\/v2\/pages"}],"about":[{"href":"https:\/\/alt.linden-gut.eu\/de\/wp-json\/wp\/v2\/types\/page"}],"author":[{"embeddable":true,"href":"https:\/\/alt.linden-gut.eu\/de\/wp-json\/wp\/v2\/users\/1"}],"replies":[{"embeddable":true,"href":"https:\/\/alt.linden-gut.eu\/de\/wp-json\/wp\/v2\/comments?post=6728"}],"version-history":[{"count":3,"href":"https:\/\/alt.linden-gut.eu\/de\/wp-json\/wp\/v2\/pages\/6728\/revisions"}],"predecessor-version":[{"id":10769,"href":"https:\/\/alt.linden-gut.eu\/de\/wp-json\/wp\/v2\/pages\/6728\/revisions\/10769"}],"wp:attachment":[{"href":"https:\/\/alt.linden-gut.eu\/de\/wp-json\/wp\/v2\/media?parent=6728"}],"curies":[{"name":"wp","href":"https:\/\/api.w.org\/{rel}","templated":true}]}}